{"id":1910,"date":"2019-03-18T11:53:44","date_gmt":"2019-03-18T11:53:44","guid":{"rendered":"http:\/\/cde.univr.it\/?page_id=1910"},"modified":"2024-07-15T13:45:37","modified_gmt":"2024-07-15T13:45:37","slug":"progetti-terza-missione","status":"publish","type":"page","link":"https:\/\/cde.univr.it\/index.php\/progetti\/progetti-terza-missione\/","title":{"rendered":"Progetti di terza e quarta missione"},"content":{"rendered":"<div class=\"wpb-content-wrapper\"><p>[vc_row][vc_column]<div class=\"section-title  text-center\" ><h4>Progetti di terza e quarta missione<\/h4> <p>Si elencano di seguito\u00a0 progetti di public engagement e di collaborazione con il territorio a cui il CDE partecipa, o ha partecipato.<\/p>\n<p><\/p><\/div>[\/vc_column][\/vc_row][vc_row][vc_column width=&#8221;1\/2&#8243;][vc_column_text]<\/p>\n<h3 style=\"text-align: center;\"><strong>Festival Verona \u00c8uropa<\/strong><\/h3>\n<p style=\"text-align: left;\"><strong>Un festival, organizzato dal Comune, insieme all\u2019Universit\u00e0 di Verona e dal Centro Europe Direct della Provincia di Verona<\/strong>, che nasce per costruire e rafforzare, nella citt\u00e0 scaligera e nel suo territorio di riferimento, un pensiero europeo, un orizzonte internazionale, un\u2019apertura al mondo e ai grandi temi che a Verona possono trovare un palcoscenico di discussione e confronto, un punto di partenza e di arrivo. Per l&#8217;Ateneo il festival rappresenta il risultato di uno sforzo interdipartimentale che vede il coinvolgimento diretto del CDE e, dalla seconda edizione, dei Centro di studi politici Hannah Arendt e del <i>Center for European Studies. L<\/i>a prima edizione si \u00e8 svolta dal 5 al 30 maggio 2023, mentre la seconda dal 29 aprile al 17 maggio 2024 e, in entrambi i casi, ha visto una ricchissima selezione di incontri, seminari, laboratori rivolti alla cittadinanza, agli addetti ai lavori e alle scuole superiori.<\/p>\n<p style=\"text-align: center;\"><img loading=\"lazy\" decoding=\"async\" class=\"attachment-large  wp-post-image\" src=\"https:\/\/cde.univr.it\/wp-content\/uploads\/Festival-VE-1024x320.jpg\" alt=\"\" width=\"372\" height=\"116\" \/><\/p>\n<p>[\/vc_column_text][\/vc_column][vc_column width=&#8221;1\/2&#8243;][vc_column_text]<\/p>\n<h3 style=\"text-align: center;\"><strong>Manifesto Universit\u00e0 Inclusiva &#8211; UNICORE<br \/>\n<\/strong><\/h3>\n<p>Progetto della Commissione di Ateneo per la Coperazione allo Sviluppo Internazionale a CUI il CDE partecipa per il tramite della sua referente<\/p>\n<p>Favorire l\u2019accesso dei rifugiati all\u2019istruzione universitaria e alla ricerca e promuovere l\u2019integrazione sociale e la partecipazione attiva alla vita accademica: per rispondere a tali sfide, forte della sensibilit\u00e0 e l\u2019impegno mostrati su questo fronte dalle Universit\u00e0 italiane, l\u2019UNHCR ha proposto agli atenei italiani un <a href=\"https:\/\/www.unhcr.it\/wp-content\/uploads\/2019\/11\/Manifesto-dellUniversita-inclusiva_UNHCR.pdf\" target=\"_blank\" rel=\"noopener\">Manifesto dell\u2019Universit\u00e0 Inclusiva.<\/a><\/p>\n<p>Nell&#8217;ambito di tale azione, \u00e8 stato attivato il progetto UNI-CO-RE che prevede la<strong> creazione di percorsi di ingresso regolari e sicuri per studio e l&#8217;integrazione in Italia<\/strong> di giovani studenti che abbiano gi\u00e0 ottenuto lo <strong>status di rifugiato in Paesi terzi definiti in ciascuna edizione<br \/>\n<\/strong><\/p>\n<p>https:\/\/www.univr.it\/it\/manifesto-universita-inclusiva<\/p>\n<p><img loading=\"lazy\" decoding=\"async\" class=\"aligncenter  wp-image-3122\" src=\"https:\/\/cde.univr.it\/wp-content\/uploads\/Progetto-UNICORE-800x400-1-300x122.jpg\" alt=\"\" width=\"354\" height=\"144\" srcset=\"https:\/\/cde.univr.it\/wp-content\/uploads\/Progetto-UNICORE-800x400-1-300x122.jpg 300w, https:\/\/cde.univr.it\/wp-content\/uploads\/Progetto-UNICORE-800x400-1-768x314.jpg 768w, https:\/\/cde.univr.it\/wp-content\/uploads\/Progetto-UNICORE-800x400-1.jpg 1024w\" sizes=\"auto, (max-width: 354px) 100vw, 354px\" \/><\/p>\n<p>[\/vc_column_text][\/vc_column][vc_column width=&#8221;1\/2&#8243;][vc_column_text]<\/p>\n<h3 style=\"text-align: center;\"><strong>I diritti umani di fronte alle Corti internazionali<br \/>\n<\/strong><\/h3>\n<p style=\"text-align: justify;\">Progetto della Commissione Diritti Umani dell&#8217;Ordine degli Avvocati di Verona (dal 2016 al 2024) a cui il CDE partecipa<\/p>\n<p style=\"text-align: justify;\">Nel corso del 2016 il CDE ha sottoscritto una <strong>protocollo d\u2019intesa<\/strong> con la <strong>Commissione diritti umani dell\u2019Ordine degli Avvocati di Verona<\/strong> ai fini di una collaborazione volta all&#8217;approfondimento di tematiche riguardanti i diritti umani attraverso <strong>momenti di studio in ambito accademico e professionale<\/strong> e la promozione del <strong><em>progetto scuola,<\/em><\/strong>\u00a0 una serie di incontri con gli studenti delle scuole superiori cittadine per un confronto su aspetti non solo teorici riguardanti i<strong> diritti umani<\/strong>. Il CDE ha collaborato all\u2019ideazione e realizzazione di laboratori per le scuole superiori predisponendo<strong> guide di supporto alla didattica<\/strong> per i docenti delle scuole partecipanti e proseguendo, ogni anno, nella realizzazione di laboratori in particolare sulla <strong>libert\u00e0 di espressione.<\/strong><\/p>\n<p style=\"text-align: justify;\"><img loading=\"lazy\" decoding=\"async\" class=\"wp-image-354 aligncenter\" src=\"https:\/\/cde.univr.it\/wp-content\/uploads\/2017\/05\/image040-300x223.png\" alt=\"\" width=\"262\" height=\"195\" srcset=\"https:\/\/cde.univr.it\/wp-content\/uploads\/2017\/05\/image040-300x223.png 300w, https:\/\/cde.univr.it\/wp-content\/uploads\/2017\/05\/image040-600x445.png 600w, https:\/\/cde.univr.it\/wp-content\/uploads\/2017\/05\/image040.png 640w\" sizes=\"auto, (max-width: 262px) 100vw, 262px\" \/><\/p>\n<p>[\/vc_column_text][\/vc_column][vc_column width=&#8221;1\/2&#8243;][vc_column_text]<\/p>\n<h3 class=\"entry-title\" style=\"text-align: center;\"><strong>Il diritto umano ad un ambiente sicuro, pulito, sano e sostenibile<\/strong><\/h3>\n<p>Progetto del CDE sotto forma di\u00a0 laboratori con le classi terze dell\u2019Istituto Mantegna di Mantova<\/p>\n<p>L\u2019emergere di una giustizia climatica basata sulla tutela dei diritti umani rappresenta un fenomeno di portata mondiale. E\u2019 questo il tema che hanno affrontato gli studenti delle classi terze dell\u2019Istituto Mantegna in collaborazione con il Centro di documentazione europea di Verona.<\/p>\n<p>Nell\u2019ottica di sensibilizzazione e divulgazione di buone prassi le classi 3AR e 3BS, coordinate dalle loro docenti referenti per questo progetto inserito nelle attivit\u00e0 di educazione civica, hanno realizzato brochure, video, presentazioni utilizzando la loro creativit\u00e0 per rielaborare informazioni e conoscenze di problematiche di grande attualit\u00e0.<\/p>\n<p style=\"text-align: center;\"><img loading=\"lazy\" decoding=\"async\" class=\"attachment-learnplus-blog-thumb \" src=\"https:\/\/cde.univr.it\/wp-content\/uploads\/Screenshot-2024-05-30-at-12-44-49-Istituto-di-istruzione-superiore-A.-Mantegna-Mantova-@itet_mantegna_mantova-\u2022-Foto-e-video-di-Instagram-748x433.png\" alt=\"\" width=\"288\" height=\"167\" \/><\/p>\n<p>[\/vc_column_text][\/vc_column][vc_column width=&#8221;1\/2&#8243;][vc_column_text]<\/p>\n<h3 style=\"text-align: center;\"><strong>Per una cultura dei diritti umani<\/strong><\/h3>\n<p>Laboratorio rivolto alle scuole superiori realizzati nel 2020 e 2021 nell&#8217;ambito del progetto <a href=\"https:\/\/www.univr.it\/it\/pls-pot\">V.A.L.E.<\/a> Vocational Academic in Law Enhancement finanziato dal MIUR &#8211; con capofila Universit\u00e0 di Pavia &#8211;\u00a0 avente ad oggetto la collaborazione tra Universit\u00e0 e scuole del territorio per azioni innovative di orientamento, tutorato e formazione.<\/p>\n<p><img loading=\"lazy\" decoding=\"async\" class=\"aligncenter size-medium wp-image-1749\" src=\"https:\/\/cde.univr.it\/wp-content\/uploads\/Rights-300x122.jpg\" alt=\"\" width=\"300\" height=\"122\" srcset=\"https:\/\/cde.univr.it\/wp-content\/uploads\/Rights-300x122.jpg 300w, https:\/\/cde.univr.it\/wp-content\/uploads\/Rights-768x314.jpg 768w, https:\/\/cde.univr.it\/wp-content\/uploads\/Rights.jpg 1024w, https:\/\/cde.univr.it\/wp-content\/uploads\/Rights-600x245.jpg 600w\" sizes=\"auto, (max-width: 300px) 100vw, 300px\" \/><\/p>\n<p>[\/vc_column_text][\/vc_column][vc_column width=&#8221;1\/2&#8243;][vc_column_text]<\/p>\n<h3 style=\"text-align: center;\"><strong>Kids University<\/strong><\/h3>\n<p style=\"text-align: center;\">organizzata dall&#8217;Universit\u00e0 di Verona<\/p>\n<p>Nell\u2019ambito della Kids University, il CDE ha realizzato <strong>ogni anno a partire dal 2015<\/strong> laboratori per gli<strong> allievi delle scuole primarie e secondarie di primo grado<\/strong> sui <strong>diritti dei cittadini nell\u2019Unione europea.<\/strong><\/p>\n<p align=\"justify\"><strong><img loading=\"lazy\" decoding=\"async\" class=\"wp-image-356 aligncenter\" src=\"https:\/\/cde.univr.it\/wp-content\/uploads\/2017\/05\/image044.png\" alt=\"\" width=\"231\" height=\"226\" srcset=\"https:\/\/cde.univr.it\/wp-content\/uploads\/2017\/05\/image044.png 233w, https:\/\/cde.univr.it\/wp-content\/uploads\/2017\/05\/image044-60x60.png 60w\" sizes=\"auto, (max-width: 231px) 100vw, 231px\" \/><\/strong><\/p>\n<p>[\/vc_column_text][\/vc_column][\/vc_row][vc_row][vc_column][\/vc_column][\/vc_row]<\/p>\n<\/div>","protected":false},"excerpt":{"rendered":"<p>[vc_row][vc_column][\/vc_column][\/vc_row][vc_row][vc_column width=&#8221;1\/2&#8243;][vc_column_text] Festival Verona \u00c8uropa Un festival, organizzato dal Comune, insieme all\u2019Universit\u00e0 di Verona e dal Centro Europe Direct della Provincia di Verona, che nasce per costruire e rafforzare, nella&hellip;<\/p>\n","protected":false},"author":3,"featured_media":0,"parent":358,"menu_order":0,"comment_status":"closed","ping_status":"closed","template":"","meta":{"_editorskit_title_hidden":false,"_editorskit_reading_time":0,"_editorskit_is_block_options_detached":false,"_editorskit_block_options_position":"{}","footnotes":""},"class_list":["post-1910","page","type-page","status-publish","hentry"],"_links":{"self":[{"href":"https:\/\/cde.univr.it\/index.php\/wp-json\/wp\/v2\/pages\/1910","targetHints":{"allow":["GET"]}}],"collection":[{"href":"https:\/\/cde.univr.it\/index.php\/wp-json\/wp\/v2\/pages"}],"about":[{"href":"https:\/\/cde.univr.it\/index.php\/wp-json\/wp\/v2\/types\/page"}],"author":[{"embeddable":true,"href":"https:\/\/cde.univr.it\/index.php\/wp-json\/wp\/v2\/users\/3"}],"replies":[{"embeddable":true,"href":"https:\/\/cde.univr.it\/index.php\/wp-json\/wp\/v2\/comments?post=1910"}],"version-history":[{"count":13,"href":"https:\/\/cde.univr.it\/index.php\/wp-json\/wp\/v2\/pages\/1910\/revisions"}],"predecessor-version":[{"id":4500,"href":"https:\/\/cde.univr.it\/index.php\/wp-json\/wp\/v2\/pages\/1910\/revisions\/4500"}],"up":[{"embeddable":true,"href":"https:\/\/cde.univr.it\/index.php\/wp-json\/wp\/v2\/pages\/358"}],"wp:attachment":[{"href":"https:\/\/cde.univr.it\/index.php\/wp-json\/wp\/v2\/media?parent=1910"}],"curies":[{"name":"wp","href":"https:\/\/api.w.org\/{rel}","templated":true}]}}