{"id":407,"date":"2017-05-18T08:35:00","date_gmt":"2017-05-18T08:35:00","guid":{"rendered":"http:\/\/cde.univr.it\/?page_id=407"},"modified":"2023-01-24T13:27:49","modified_gmt":"2023-01-24T13:27:49","slug":"finanziamenti-europei","status":"publish","type":"page","link":"https:\/\/cde.univr.it\/index.php\/finanziamenti-europei\/","title":{"rendered":"Finanziamenti europei"},"content":{"rendered":"<div class=\"wpb-content-wrapper\"><p style=\"padding-left: 30px;\">[vc_row][vc_column][vc_single_image image=&#8221;435&#8243; img_size=&#8221;full&#8221;][\/vc_column][\/vc_row][vc_row][vc_column][vc_column_text]<!--more--><\/p>\n<h2 style=\"padding-left: 30px; text-align: left;\">Guide introduttive<\/h2>\n<p><!--more--><\/p>\n<p style=\"padding-left: 30px;\"><strong><a href=\"http:\/\/europa.eu\/youreurope\/business\/funding-grants\/eu-programmes\/index_it.htm\">Programmi di finanziamento dell&#8217;Unione europea<\/a><\/strong><\/p>\n<p style=\"padding-left: 30px; text-align: justify;\">Pagina sul portale Europa che introduce ai vari tipi di finanziamento dell&#8217;UE, fornendo informazioni di base sulla procedura per fare domanda, i criteri e le norme di ammissibilit\u00e0, gli inviti a presentare proposte aperti o in programma,<\/p>\n<p style=\"padding-left: 30px;\"><strong>\u00a0<\/strong><\/p>\n<p style=\"padding-left: 30px;\"><strong><a href=\"http:\/\/programmicomunitari.formez.it\/\">Programmi europei<\/a><\/strong><\/p>\n<p style=\"padding-left: 30px; text-align: justify;\">Pagina\u00a0 pubblicata sul sito del Formez\u00a0 contenente brevi schede descrittive per ciascuna fonte di finanziamento. Le informazioni si riferiscono ai finanziamenti diretti ai Programmi Operativi Nazionali, ai Programmi Operativi Regionali<\/p>\n<h2 style=\"padding-left: 30px; text-align: justify;\">Finanziamenti diretti:<\/h2>\n<p style=\"padding-left: 30px; text-align: left;\"><strong><a href=\"http:\/\/www.cdeita.it\/node\/13\">Inviti a presentare proposte<\/a><\/strong>:<\/p>\n<p style=\"padding-left: 30px;\">Elenco suddiviso per aree tematiche a cura della rete italiana dei CDE<\/p>\n<p style=\"padding-left: 30px;\"><strong><a href=\"http:\/\/europa.formez.it\/content\/come-presentare-proposta-progetto-nellambito-finanziamenti-diretti-guida-principianti\">Come presentare una proposta di progetto nell\u2019ambito dei finanziamenti diretti dell\u2019UE<\/a><\/strong><\/p>\n<p style=\"padding-left: 30px; text-align: justify;\">Strumento di supporto a cura dell\u2019Europe Direct Roma destinato ai cittadini interessati a partecipare, per la prima volta, ad un invito a presentare proposte pubblicato nell\u2019ambito dei programmi tematici, a gestione diretta, del periodo di programmazione 2014-2020.<\/p>\n<p style=\"padding-left: 30px; text-align: justify;\"><a href=\"https:\/\/ec.europa.eu\/research\/participants\/portal\/desktop\/en\/home.html\">Horizon 2020: participant portal<\/a><\/p>\n<div id=\"corpo\">\n<div id=\"pagebody\">\n<div class=\"cont\">\n<div class=\"text\">\n<p style=\"padding-left: 30px;\">Il principale strumento codi finanziamneto europeo per\u00a0 la ricerca scientifica e lo sviluppo tecnologico. Ha una durata di 7 anni (2014-2020) ed \u00e8 strutturato su tre priorit\u00e0:<\/p>\n<ul>\n<li>PRIORITY 1 &#8211; Excellent Science<\/li>\n<li>PRIORITY\u00a02 &#8211; Industrial Leadership<\/li>\n<li>PRIORITY\u00a03 &#8211; Societal Challenges<\/li>\n<\/ul>\n<\/div>\n<\/div>\n<\/div>\n<\/div>\n<h2 style=\"padding-left: 30px; text-align: justify;\"><\/h2>\n<h2 style=\"padding-left: 30px; text-align: justify;\">Finanziamenti indiretti<\/h2>\n<p style=\"padding-left: 30px;\"><strong><a href=\"http:\/\/ec.europa.eu\/regional_policy\/\">Fondi regionali europei: priorit\u00e0 2014-2020, accesso ai finanziamenti, strumenti finanziari<br \/>\n<\/a><\/strong><\/p>\n<p style=\"padding-left: 30px;\"><strong><a href=\"http:\/\/ec.europa.eu\/regional_policy\/\">Inforegio<\/a><\/strong><\/p>\n<p style=\"padding-left: 30px;\">Attuazione della politica regionale attraverso e i <a href=\"http:\/\/ec.europa.eu\/contracts_grants\/funds_it.htm\">Fondi strutturali e di investimento europei (Fondi SIE)<\/a>.<\/p>\n<p style=\"padding-left: 30px;\"><strong><a href=\"http:\/\/www.regione.veneto.it\/web\/programmi-comunitari\/fesr-2014-2020\">Programma Operativo Regionale ( POR) della Regione Veneto<\/a><\/strong><\/p>\n<p style=\"padding-left: 30px; text-align: justify;\">Strumento\u00a0attraverso cui la Regione del Veneto, grazie\u00a0ai circa 600 milioni di euro messi a\u00a0disposizione dall\u2019Unione Europea, dallo Stato\u00a0e dalla Regione stessa, svilupper\u00e0 dal 2014\u00a0al 2020 un piano di crescita sociale\u00a0ed economica che interesser\u00e0 la ricerca\u00a0e l\u2019innovazione, l\u2019agenda digitale, le politiche\u00a0industriali, energetiche e di tutela ambientale.<\/p>\n<p style=\"padding-left: 30px;\"><strong><a href=\"http:\/\/www.opencoesione.gov.it\/\">Opencoesione<\/a><\/strong><\/p>\n<p style=\"padding-left: 30px;\">Portale sull&#8217;attuazione dei progetti finanziati dalle politiche di coesione in Italia. Fornisce dati su risorse assegnate e spese, localizzazioni, ambiti tematici, soggetti programmatori e attuatori, tempi di realizzazione e pagamenti dei singoli progetti<\/p>\n<p style=\"padding-left: 30px;\"><a href=\"https:\/\/ec.europa.eu\/agriculture\/cap-funding\/funding-opportunities\"><strong>Fondi europei per l&#8217;agricoltura\u00a0 EAGF e <\/strong><strong>EAFRD<\/strong><\/a><\/p>\n<p style=\"padding-left: 30px;\"><strong><a href=\"http:\/\/europa.formez.it\/content\/come-finanziare-sport-ciclabilita-mobilita-e-turismo-sostenibile-fondi-europei\">Come finanziare lo sport, la ciclabilit\u00e0, la mobilit\u00e0 e il turismo sostenibile con i fondi europei<\/a><\/strong><\/p>\n<p style=\"padding-left: 30px; text-align: justify;\">Guida delle Europe Dircet Roma sullle opportunit\u00e0 di finanziamento europei per progetti nel settore dello sport, della ciclabilit\u00e0, mobilit\u00e0 e turismo sostenibile nel periodo di programmazione 2014-2020. Contiene inoltre un repertorio di progetti e altre iniziative finanziate con fondi strutturali o con finanziamenti diretti nei periodi di programmazione precedenti.<\/p>\n<p>[\/vc_column_text][\/vc_column][\/vc_row]<\/p>\n<\/div>","protected":false},"excerpt":{"rendered":"<p>[vc_row][vc_column][vc_single_image image=&#8221;435&#8243; img_size=&#8221;full&#8221;][\/vc_column][\/vc_row][vc_row][vc_column][vc_column_text]<\/p>\n","protected":false},"author":1,"featured_media":435,"parent":0,"menu_order":0,"comment_status":"closed","ping_status":"closed","template":"","meta":{"_editorskit_title_hidden":false,"_editorskit_reading_time":0,"_editorskit_is_block_options_detached":false,"_editorskit_block_options_position":"{}","footnotes":""},"class_list":["post-407","page","type-page","status-publish","has-post-thumbnail","hentry"],"_links":{"self":[{"href":"https:\/\/cde.univr.it\/index.php\/wp-json\/wp\/v2\/pages\/407","targetHints":{"allow":["GET"]}}],"collection":[{"href":"https:\/\/cde.univr.it\/index.php\/wp-json\/wp\/v2\/pages"}],"about":[{"href":"https:\/\/cde.univr.it\/index.php\/wp-json\/wp\/v2\/types\/page"}],"author":[{"embeddable":true,"href":"https:\/\/cde.univr.it\/index.php\/wp-json\/wp\/v2\/users\/1"}],"replies":[{"embeddable":true,"href":"https:\/\/cde.univr.it\/index.php\/wp-json\/wp\/v2\/comments?post=407"}],"version-history":[{"count":13,"href":"https:\/\/cde.univr.it\/index.php\/wp-json\/wp\/v2\/pages\/407\/revisions"}],"predecessor-version":[{"id":4013,"href":"https:\/\/cde.univr.it\/index.php\/wp-json\/wp\/v2\/pages\/407\/revisions\/4013"}],"wp:featuredmedia":[{"embeddable":true,"href":"https:\/\/cde.univr.it\/index.php\/wp-json\/wp\/v2\/media\/435"}],"wp:attachment":[{"href":"https:\/\/cde.univr.it\/index.php\/wp-json\/wp\/v2\/media?parent=407"}],"curies":[{"name":"wp","href":"https:\/\/api.w.org\/{rel}","templated":true}]}}